{"id":42,"date":"2022-12-08T05:58:23","date_gmt":"2022-12-08T05:58:23","guid":{"rendered":"https:\/\/agustinfong.com\/?page_id=42"},"modified":"2024-05-31T11:41:36","modified_gmt":"2024-05-31T11:41:36","slug":"home","status":"publish","type":"page","link":"https:\/\/agustinfong.com\/es\/","title":{"rendered":"Inicio"},"content":{"rendered":"<div data-elementor-type=\"wp-page\" data-elementor-id=\"42\" class=\"elementor elementor-42\">\n\t\t\t\t\t\t<section class=\"elementor-section elementor-top-section elementor-element elementor-element-c8c7074 elementor-section-full_width elementor-section-height-min-height elementor-section-height-default elementor-section-items-middle\" data-id=\"c8c7074\" data-element_type=\"section\">\n\t\t\t\t\t\t<div class=\"elementor-container elementor-column-gap-default\">\n\t\t\t\t\t<div class=\"elementor-column elementor-col-100 elementor-top-column elementor-element elementor-element-d976be6\" data-id=\"d976be6\" data-element_type=\"column\">\n\t\t\t<div class=\"elementor-widget-wrap elementor-element-populated\">\n\t\t\t\t\t\t<div class=\"elementor-element elementor-element-877e659 premium-vscroll-nav-dots-yes elementor-widget elementor-widget-premium-vscroll\" data-id=\"877e659\" data-element_type=\"widget\" data-settings=\"{&quot;dots_animation&quot;:&quot;fadeInDown&quot;}\" data-widget_type=\"premium-vscroll.default\">\n\t\t\t\t<div class=\"elementor-widget-container\">\n\t\t\t\r\n\t\t<div class=\"premium-vscroll-wrap\" id=\"premium-vscroll-wrap-877e659\" data-settings=\"{&quot;id&quot;:&quot;877e659&quot;,&quot;speed&quot;:800,&quot;offset&quot;:0,&quot;tooltips&quot;:false,&quot;dotsText&quot;:[&quot;&quot;],&quot;dotsPos&quot;:&quot;left&quot;,&quot;dotsVPos&quot;:&quot;middle&quot;,&quot;fullSection&quot;:false,&quot;fullTouch&quot;:false,&quot;fullCheckOverflow&quot;:false,&quot;addToHistory&quot;:false,&quot;animation&quot;:&quot;fadeInDown&quot;,&quot;duration&quot;:&quot;&quot;}\">\r\n\t\t\t\t\t\t<div class=\"premium-vscroll-inner\" id=\"premium-vscroll-877e659\">\r\n\t\t\t\t<div class=\"premium-vscroll-dots premium-vscroll-dots-hide left middle circ elementor-invisible\">\r\n\t\t\t\t\t<ul class=\"premium-vscroll-dots-list\">\r\n\t\t\t\t\t\t\t\t\t\t\t\t\t<li data-index=\"0\" data-menuanchor=\"section_877e6590\" class=\"premium-vscroll-dot-item\">\r\n\t\t\t\t\t\t\t\t<div class=\"premium-vscroll-nav-link\"><span><\/span><\/div>\r\n\t\t\t\t\t\t\t<\/li>\r\n\t\t\t\t\t\t\t\t\t\t\t\t\t<li data-index=\"1\" data-menuanchor=\"section_877e6591\" class=\"premium-vscroll-dot-item\">\r\n\t\t\t\t\t\t\t\t<div class=\"premium-vscroll-nav-link\"><span><\/span><\/div>\r\n\t\t\t\t\t\t\t<\/li>\r\n\t\t\t\t\t\t\t\t\t\t\t\t\t<li data-index=\"2\" data-menuanchor=\"section_877e6592\" class=\"premium-vscroll-dot-item\">\r\n\t\t\t\t\t\t\t\t<div class=\"premium-vscroll-nav-link\"><span><\/span><\/div>\r\n\t\t\t\t\t\t\t<\/li>\r\n\t\t\t\t\t\t\t\t\t\t\t\t\t<li data-index=\"3\" data-menuanchor=\"section_877e6593\" class=\"premium-vscroll-dot-item\">\r\n\t\t\t\t\t\t\t\t<div class=\"premium-vscroll-nav-link\"><span><\/span><\/div>\r\n\t\t\t\t\t\t\t<\/li>\r\n\t\t\t\t\t\t\t\t\t\t\t\t\t<li data-index=\"4\" data-menuanchor=\"section_877e6594\" class=\"premium-vscroll-dot-item\">\r\n\t\t\t\t\t\t\t\t<div class=\"premium-vscroll-nav-link\"><span><\/span><\/div>\r\n\t\t\t\t\t\t\t<\/li>\r\n\t\t\t\t\t\t\t\t\t\t\t<\/ul>\r\n\t\t\t\t<\/div>\r\n\t\t\t\t\t\t\t\t\t<div class=\"premium-vscroll-sections-wrap\" id=\"premium-vscroll-sections-wrap-877e659\" data-animation=\"parallax\" data-hijacking=\"off\">\r\n\r\n\t\t\t\t\t\t\t\t\t\t\t\t\t<div id=\"section_877e6590\" class=\"premium-vscroll-temp premium-vscroll-temp-877e659\">\r\n\t\t\t\t\t\t\t\t\t\t<div data-elementor-type=\"page\" data-elementor-id=\"23\" class=\"elementor elementor-23\">\n\t\t\t\t\t\t<section class=\"elementor-section elementor-top-section elementor-element elementor-element-01ba5f8 elementor-section-height-min-height elementor-section-full_width elementor-section-height-default elementor-section-items-middle\" data-id=\"01ba5f8\" data-element_type=\"section\" data-settings=\"{&quot;background_background&quot;:&quot;classic&quot;}\">\n\t\t\t\t\t\t\t<div class=\"elementor-background-overlay\"><\/div>\n\t\t\t\t\t\t\t<div class=\"elementor-container elementor-column-gap-default\">\n\t\t\t\t\t<div class=\"elementor-column elementor-col-100 elementor-top-column elementor-element elementor-element-f4cbd3e\" data-id=\"f4cbd3e\" data-element_type=\"column\">\n\t\t\t<div class=\"elementor-widget-wrap elementor-element-populated\">\n\t\t\t\t\t\t<div class=\"elementor-element elementor-element-888b129 elementor-widget elementor-widget-heading\" data-id=\"888b129\" data-element_type=\"widget\" data-widget_type=\"heading.default\">\n\t\t\t\t<div class=\"elementor-widget-container\">\n\t\t\t<style>\/*! elementor - v3.19.0 - 07-02-2024 *\/\n.elementor-heading-title{padding:0;margin:0;line-height:1}.elementor-widget-heading .elementor-heading-title[class*=elementor-size-]>a{color:inherit;font-size:inherit;line-height:inherit}.elementor-widget-heading .elementor-heading-title.elementor-size-small{font-size:15px}.elementor-widget-heading .elementor-heading-title.elementor-size-medium{font-size:19px}.elementor-widget-heading .elementor-heading-title.elementor-size-large{font-size:29px}.elementor-widget-heading .elementor-heading-title.elementor-size-xl{font-size:39px}.elementor-widget-heading .elementor-heading-title.elementor-size-xxl{font-size:59px}<\/style><h2 class=\"elementor-heading-title elementor-size-default\"><i>Batallando En Tus Relaciones Amorosas?<\/i><\/h2>\t\t<\/div>\n\t\t\t\t<\/div>\n\t\t\t\t<div class=\"elementor-element elementor-element-cd9e5a7 elementor-invisible elementor-widget elementor-widget-heading\" data-id=\"cd9e5a7\" data-element_type=\"widget\" data-settings=\"{&quot;_animation&quot;:&quot;fadeInUp&quot;}\" data-widget_type=\"heading.default\">\n\t\t\t\t<div class=\"elementor-widget-container\">\n\t\t\t<h2 class=\"elementor-heading-title elementor-size-default\">Conoce Coaching de Identidad.<\/h2>\t\t<\/div>\n\t\t\t\t<\/div>\n\t\t\t\t<div class=\"elementor-element elementor-element-a49f228 elementor-widget elementor-widget-heading\" data-id=\"a49f228\" data-element_type=\"widget\" data-widget_type=\"heading.default\">\n\t\t\t\t<div class=\"elementor-widget-container\">\n\t\t\t<h2 class=\"elementor-heading-title elementor-size-default\">No Tu Coaching O Terapia Normal, Sino Una Unica Redefinici\u00f3n De Quien Eres, Si\u00e9ntete Segura y Enamorada De Tu Vida Para Que Puedas Atraer Sin Esfuerzo El Amor y Las Relaciones Que Deseas.<\/h2>\t\t<\/div>\n\t\t\t\t<\/div>\n\t\t\t\t<div class=\"elementor-element elementor-element-359126c elementor-widget elementor-widget-premium-addon-button\" data-id=\"359126c\" data-element_type=\"widget\" data-widget_type=\"premium-addon-button.default\">\n\t\t\t\t<div class=\"elementor-widget-container\">\n\t\t\t\n\n\t\t<a class=\"premium-button premium-button-none premium-btn-block premium-button-none\" href=\"#Gtwhp\">\n\t\t\t<div class=\"premium-button-text-icon-wrapper\">\n\t\t\t\t\n                    <!-- Before Icon -->\n\t\t\t\t\t\t\t\t\t\n\t\t\t\t<span >\n\t\t\t\t\tDescubre Como En Las Opciones Siguientes\t\t\t\t<\/span>\n\n                <!-- After Icon -->\n\t\t\t\t\t\t\t\t\t\t\t\t\t\t\t\t\t\t\t\t\t\t<i class=\"premium-svg-nodraw premium-drawable-icon far fa-arrow-alt-circle-down\" aria-hidden=\"true\"><\/i>\t\t\t\t\t\t\t\t\t\t\t\t\t\t\t\t\t\t<\/div>\n\n\t\t\t\n\t\t\t\n            \n\t\t<\/a>\n\n\n\t\t\t\t<\/div>\n\t\t\t\t<\/div>\n\t\t\t\t<div class=\"elementor-element elementor-element-c75c5d0 elementor-widget elementor-widget-heading\" data-id=\"c75c5d0\" data-element_type=\"widget\" data-widget_type=\"heading.default\">\n\t\t\t\t<div class=\"elementor-widget-container\">\n\t\t\t<h2 class=\"elementor-heading-title elementor-size-default\">| Subconsciente | Sombra | Ni\u00f1o Interior | Som\u00e1tico |\n<br>| Respiraci\u00f3n | Meditaci\u00f3n | Energ\u00eda | Manifestaci\u00f3n |<\/h2>\t\t<\/div>\n\t\t\t\t<\/div>\n\t\t\t\t\t<\/div>\n\t\t<\/div>\n\t\t\t\t\t<\/div>\n\t\t<\/section>\n\t\t\t\t<\/div>\n\t\t\t\t\t\t\t\t\t<\/div>\r\n\t\t\t\t\t\t\t\t\t\t\t\t\t<div id=\"section_877e6591\" class=\"premium-vscroll-temp premium-vscroll-temp-877e659\">\r\n\t\t\t\t\t\t\t\t\t\t<div data-elementor-type=\"page\" data-elementor-id=\"19\" class=\"elementor elementor-19\">\n\t\t\t\t\t\t<section class=\"elementor-section elementor-top-section elementor-element elementor-element-046c191 elementor-section-full_width elementor-section-height-min-height elementor-section-height-default elementor-section-items-middle\" data-id=\"046c191\" data-element_type=\"section\" id=\"Gtwhp\" data-settings=\"{&quot;background_background&quot;:&quot;classic&quot;}\">\n\t\t\t\t\t\t\t<div class=\"elementor-background-overlay\"><\/div>\n\t\t\t\t\t\t\t<div class=\"elementor-container elementor-column-gap-default\">\n\t\t\t\t\t<div class=\"elementor-column elementor-col-100 elementor-top-column elementor-element elementor-element-3f00fb2\" data-id=\"3f00fb2\" data-element_type=\"column\">\n\t\t\t<div class=\"elementor-widget-wrap elementor-element-populated\">\n\t\t\t\t\t\t<div class=\"elementor-element elementor-element-19274b0 elementor-invisible elementor-widget elementor-widget-heading\" data-id=\"19274b0\" data-element_type=\"widget\" data-settings=\"{&quot;_animation&quot;:&quot;fadeInUp&quot;}\" data-widget_type=\"heading.default\">\n\t\t\t\t<div class=\"elementor-widget-container\">\n\t\t\t<h2 class=\"elementor-heading-title elementor-size-small\">[ACEPTACI\u00d3N RADICAL: TALLER SOM\u00c1TICO GRATUITO]<\/h2>\t\t<\/div>\n\t\t\t\t<\/div>\n\t\t\t\t<div class=\"elementor-element elementor-element-9cc37d1 elementor-widget elementor-widget-heading\" data-id=\"9cc37d1\" data-element_type=\"widget\" data-widget_type=\"heading.default\">\n\t\t\t\t<div class=\"elementor-widget-container\">\n\t\t\t<h2 class=\"elementor-heading-title elementor-size-default\">Aprende Como a Sentirte Completamente Aceptadx<\/h2>\t\t<\/div>\n\t\t\t\t<\/div>\n\t\t\t\t<div class=\"elementor-element elementor-element-fd56398 elementor-invisible elementor-widget elementor-widget-heading\" data-id=\"fd56398\" data-element_type=\"widget\" data-settings=\"{&quot;_animation&quot;:&quot;fadeInUp&quot;}\" data-widget_type=\"heading.default\">\n\t\t\t\t<div class=\"elementor-widget-container\">\n\t\t\t<h2 class=\"elementor-heading-title elementor-size-small\"><span data-elementor-setting-key=\"title\" data-pen-placeholder=\"Teclea aqu\u00ed...\" style=\"border: 0px; outline-color: currentcolor; outline-style: none; vertical-align: baseline; clear: both;\">Transforma La Relaci\u00f3n Con Tus Emociones y Si\u00e9ntete Aceptadx, Acompanadx y Aceptadx Pase Lo Que Pase<\/span><\/h2>\t\t<\/div>\n\t\t\t\t<\/div>\n\t\t\t\t<div class=\"elementor-element elementor-element-de98d7e elementor-widget elementor-widget-premium-addon-button\" data-id=\"de98d7e\" data-element_type=\"widget\" data-widget_type=\"premium-addon-button.default\">\n\t\t\t\t<div class=\"elementor-widget-container\">\n\t\t\t\n\n\t\t<a class=\"premium-button premium-button-none premium-btn-block premium-button-none\" href=\"https:\/\/agustinfong.com\/es\/aceptacion\/\">\n\t\t\t<div class=\"premium-button-text-icon-wrapper\">\n\t\t\t\t\n                    <!-- Before Icon -->\n\t\t\t\t\t\t\t\t\t\n\t\t\t\t<span >\n\t\t\t\t\tDescubre m\u00e1s\t\t\t\t<\/span>\n\n                <!-- After Icon -->\n\t\t\t\t\t\t\t\t\t\t\t\t\t\t\t\t\t\t\t\t\t\t<i class=\"premium-svg-nodraw premium-drawable-icon fas fa-external-link-alt\" aria-hidden=\"true\"><\/i>\t\t\t\t\t\t\t\t\t\t\t\t\t\t\t\t\t\t<\/div>\n\n\t\t\t\n\t\t\t\n            \n\t\t<\/a>\n\n\n\t\t\t\t<\/div>\n\t\t\t\t<\/div>\n\t\t\t\t\t<\/div>\n\t\t<\/div>\n\t\t\t\t\t<\/div>\n\t\t<\/section>\n\t\t\t\t<\/div>\n\t\t\t\t\t\t\t\t\t<\/div>\r\n\t\t\t\t\t\t\t\t\t\t\t\t\t<div id=\"section_877e6592\" class=\"premium-vscroll-temp premium-vscroll-temp-877e659\">\r\n\t\t\t\t\t\t\t\t\t\t<div data-elementor-type=\"page\" data-elementor-id=\"3463\" class=\"elementor elementor-3463\">\n\t\t\t\t\t\t<section class=\"elementor-section elementor-top-section elementor-element elementor-element-046c191 elementor-section-full_width elementor-section-height-min-height elementor-section-height-default elementor-section-items-middle\" data-id=\"046c191\" data-element_type=\"section\" data-settings=\"{&quot;background_background&quot;:&quot;classic&quot;}\">\n\t\t\t\t\t\t\t<div class=\"elementor-background-overlay\"><\/div>\n\t\t\t\t\t\t\t<div class=\"elementor-container elementor-column-gap-default\">\n\t\t\t\t\t<div class=\"elementor-column elementor-col-100 elementor-top-column elementor-element elementor-element-6bf7965\" data-id=\"6bf7965\" data-element_type=\"column\">\n\t\t\t<div class=\"elementor-widget-wrap elementor-element-populated\">\n\t\t\t\t\t\t<div class=\"elementor-element elementor-element-c4dee38 elementor-invisible elementor-widget elementor-widget-heading\" data-id=\"c4dee38\" data-element_type=\"widget\" data-settings=\"{&quot;_animation&quot;:&quot;fadeInUp&quot;}\" data-widget_type=\"heading.default\">\n\t\t\t\t<div class=\"elementor-widget-container\">\n\t\t\t<h2 class=\"elementor-heading-title elementor-size-small\">[DESCUBRIR: CURSO DE IDENTIDAD DE TRES DIAS]<\/h2>\t\t<\/div>\n\t\t\t\t<\/div>\n\t\t\t\t<div class=\"elementor-element elementor-element-89af1a1 elementor-widget elementor-widget-heading\" data-id=\"89af1a1\" data-element_type=\"widget\" data-widget_type=\"heading.default\">\n\t\t\t\t<div class=\"elementor-widget-container\">\n\t\t\t<h2 class=\"elementor-heading-title elementor-size-default\">Aprende Los Secretos Que Nadie Te Dir\u00e1 Sobre Porque Tus Relaciones Siguen Fallando<\/h2>\t\t<\/div>\n\t\t\t\t<\/div>\n\t\t\t\t<div class=\"elementor-element elementor-element-625985e elementor-invisible elementor-widget elementor-widget-heading\" data-id=\"625985e\" data-element_type=\"widget\" data-settings=\"{&quot;_animation&quot;:&quot;fadeInUp&quot;}\" data-widget_type=\"heading.default\">\n\t\t\t\t<div class=\"elementor-widget-container\">\n\t\t\t<h2 class=\"elementor-heading-title elementor-size-small\">Sorprende a Tus Relaciones Con Tu Seguridad y Toma El Control De Tu Vida En Solo 3 D\u00edas. Incluso Si Nunca Has Hecho Ning\u00fan Tipo De Trabajo Personal.<\/h2>\t\t<\/div>\n\t\t\t\t<\/div>\n\t\t\t\t<div class=\"elementor-element elementor-element-02c03c4 elementor-widget elementor-widget-premium-addon-button\" data-id=\"02c03c4\" data-element_type=\"widget\" data-widget_type=\"premium-addon-button.default\">\n\t\t\t\t<div class=\"elementor-widget-container\">\n\t\t\t\n\n\t\t<a class=\"premium-button premium-button-none premium-btn-block premium-button-none\" href=\"https:\/\/agustinfong.com\/es\/uncover\/\">\n\t\t\t<div class=\"premium-button-text-icon-wrapper\">\n\t\t\t\t\n                    <!-- Before Icon -->\n\t\t\t\t\t\t\t\t\t\n\t\t\t\t<span >\n\t\t\t\t\tM\u00e1s Informaci\u00f3n Sobre Descubrir\t\t\t\t<\/span>\n\n                <!-- After Icon -->\n\t\t\t\t\t\t\t\t\t\t\t\t\t\t\t\t\t\t\t\t\t\t<i class=\"premium-svg-nodraw premium-drawable-icon fas fa-external-link-alt\" aria-hidden=\"true\"><\/i>\t\t\t\t\t\t\t\t\t\t\t\t\t\t\t\t\t\t<\/div>\n\n\t\t\t\n\t\t\t\n            \n\t\t<\/a>\n\n\n\t\t\t\t<\/div>\n\t\t\t\t<\/div>\n\t\t\t\t\t<\/div>\n\t\t<\/div>\n\t\t\t\t\t<\/div>\n\t\t<\/section>\n\t\t\t\t<\/div>\n\t\t\t\t\t\t\t\t\t<\/div>\r\n\t\t\t\t\t\t\t\t\t\t\t\t\t<div id=\"section_877e6593\" class=\"premium-vscroll-temp premium-vscroll-temp-877e659\">\r\n\t\t\t\t\t\t\t\t\t\t<div data-elementor-type=\"page\" data-elementor-id=\"3468\" class=\"elementor elementor-3468\">\n\t\t\t\t\t\t<section class=\"elementor-section elementor-top-section elementor-element elementor-element-046c191 elementor-section-full_width elementor-section-height-min-height elementor-section-height-default elementor-section-items-middle\" data-id=\"046c191\" data-element_type=\"section\" data-settings=\"{&quot;background_background&quot;:&quot;classic&quot;}\">\n\t\t\t\t\t\t\t<div class=\"elementor-background-overlay\"><\/div>\n\t\t\t\t\t\t\t<div class=\"elementor-container elementor-column-gap-default\">\n\t\t\t\t\t<div class=\"elementor-column elementor-col-100 elementor-top-column elementor-element elementor-element-948cf29\" data-id=\"948cf29\" data-element_type=\"column\">\n\t\t\t<div class=\"elementor-widget-wrap elementor-element-populated\">\n\t\t\t\t\t\t<div class=\"elementor-element elementor-element-7ff53d9 elementor-invisible elementor-widget elementor-widget-heading\" data-id=\"7ff53d9\" data-element_type=\"widget\" data-settings=\"{&quot;_animation&quot;:&quot;fadeInUp&quot;}\" data-widget_type=\"heading.default\">\n\t\t\t\t<div class=\"elementor-widget-container\">\n\t\t\t<h2 class=\"elementor-heading-title elementor-size-small\">[EXPANDIR: PROGRAMA DE EMBODIMENT DE DOS SEMANAS]<\/h2>\t\t<\/div>\n\t\t\t\t<\/div>\n\t\t\t\t<div class=\"elementor-element elementor-element-b15f93e elementor-widget elementor-widget-heading\" data-id=\"b15f93e\" data-element_type=\"widget\" data-widget_type=\"heading.default\">\n\t\t\t\t<div class=\"elementor-widget-container\">\n\t\t\t<h2 class=\"elementor-heading-title elementor-size-default\">Disuelve Tus Inseguridades y Vive Expresando Tu Valor<\/h2>\t\t<\/div>\n\t\t\t\t<\/div>\n\t\t\t\t<div class=\"elementor-element elementor-element-07e22ea elementor-invisible elementor-widget elementor-widget-heading\" data-id=\"07e22ea\" data-element_type=\"widget\" data-settings=\"{&quot;_animation&quot;:&quot;fadeInUp&quot;}\" data-widget_type=\"heading.default\">\n\t\t\t\t<div class=\"elementor-widget-container\">\n\t\t\t<h2 class=\"elementor-heading-title elementor-size-small\">Si\u00e9ntete Libre De Disfrutar Relaciones Aut\u00e9nticas y Amorosas En Un Viaje De Sanaci\u00f3n de 14 D\u00edas. Incluso Si Nada Ha Funcionado Para Ti.<\/h2>\t\t<\/div>\n\t\t\t\t<\/div>\n\t\t\t\t<div class=\"elementor-element elementor-element-2e8fc09 elementor-widget elementor-widget-premium-addon-button\" data-id=\"2e8fc09\" data-element_type=\"widget\" data-widget_type=\"premium-addon-button.default\">\n\t\t\t\t<div class=\"elementor-widget-container\">\n\t\t\t\n\n\t\t<a class=\"premium-button premium-button-none premium-btn-block premium-button-none\" href=\"https:\/\/agustinfong.com\/es\/expansion\/\">\n\t\t\t<div class=\"premium-button-text-icon-wrapper\">\n\t\t\t\t\n                    <!-- Before Icon -->\n\t\t\t\t\t\t\t\t\t\n\t\t\t\t<span >\n\t\t\t\t\tM\u00e1s Informaci\u00f3n Sobre Expandir\t\t\t\t<\/span>\n\n                <!-- After Icon -->\n\t\t\t\t\t\t\t\t\t\t\t\t\t\t\t\t\t\t\t\t\t\t<i class=\"premium-svg-nodraw premium-drawable-icon fas fa-external-link-alt\" aria-hidden=\"true\"><\/i>\t\t\t\t\t\t\t\t\t\t\t\t\t\t\t\t\t\t<\/div>\n\n\t\t\t\n\t\t\t\n            \n\t\t<\/a>\n\n\n\t\t\t\t<\/div>\n\t\t\t\t<\/div>\n\t\t\t\t\t<\/div>\n\t\t<\/div>\n\t\t\t\t\t<\/div>\n\t\t<\/section>\n\t\t\t\t<\/div>\n\t\t\t\t\t\t\t\t\t<\/div>\r\n\t\t\t\t\t\t\t\t\t\t\t\t\t<div id=\"section_877e6594\" class=\"premium-vscroll-temp premium-vscroll-temp-877e659\">\r\n\t\t\t\t\t\t\t\t\t\t<div data-elementor-type=\"page\" data-elementor-id=\"3473\" class=\"elementor elementor-3473\">\n\t\t\t\t\t\t<section class=\"elementor-section elementor-top-section elementor-element elementor-element-046c191 elementor-section-full_width elementor-section-height-min-height elementor-section-height-default elementor-section-items-middle\" data-id=\"046c191\" data-element_type=\"section\" data-settings=\"{&quot;background_background&quot;:&quot;classic&quot;}\">\n\t\t\t\t\t\t\t<div class=\"elementor-background-overlay\"><\/div>\n\t\t\t\t\t\t\t<div class=\"elementor-container elementor-column-gap-default\">\n\t\t\t\t\t<div class=\"elementor-column elementor-col-100 elementor-top-column elementor-element elementor-element-acfc2f7\" data-id=\"acfc2f7\" data-element_type=\"column\">\n\t\t\t<div class=\"elementor-widget-wrap elementor-element-populated\">\n\t\t\t\t\t\t<div class=\"elementor-element elementor-element-d0a2f46 elementor-invisible elementor-widget elementor-widget-heading\" data-id=\"d0a2f46\" data-element_type=\"widget\" data-settings=\"{&quot;_animation&quot;:&quot;fadeInUp&quot;}\" data-widget_type=\"heading.default\">\n\t\t\t\t<div class=\"elementor-widget-container\">\n\t\t\t<h2 class=\"elementor-heading-title elementor-size-small\">[LIBERACI\u00d3N: PROGRAMA PRIVADO DE TRES MESES]<\/h2>\t\t<\/div>\n\t\t\t\t<\/div>\n\t\t\t\t<div class=\"elementor-element elementor-element-be87eb5 elementor-widget elementor-widget-heading\" data-id=\"be87eb5\" data-element_type=\"widget\" data-widget_type=\"heading.default\">\n\t\t\t\t<div class=\"elementor-widget-container\">\n\t\t\t<h2 class=\"elementor-heading-title elementor-size-default\">Lib\u00e9rate y Vive Expresando Tu Valor<\/h2>\t\t<\/div>\n\t\t\t\t<\/div>\n\t\t\t\t<div class=\"elementor-element elementor-element-40b6435 elementor-invisible elementor-widget elementor-widget-heading\" data-id=\"40b6435\" data-element_type=\"widget\" data-settings=\"{&quot;_animation&quot;:&quot;fadeInUp&quot;}\" data-widget_type=\"heading.default\">\n\t\t\t\t<div class=\"elementor-widget-container\">\n\t\t\t<h2 class=\"elementor-heading-title elementor-size-small\">Si\u00e9ntete Segura y Enamorada de Tu Vida Que Dejas A Las Personas Pregunt\u00e1ndose Como Los Atrajiste Sin Esfuerzo, Todo En Solo Tres Meses. Sin Preocuparte Si Va a Funcionar Para Ti.<\/h2>\t\t<\/div>\n\t\t\t\t<\/div>\n\t\t\t\t<div class=\"elementor-element elementor-element-62bdc54 elementor-widget elementor-widget-premium-addon-button\" data-id=\"62bdc54\" data-element_type=\"widget\" data-widget_type=\"premium-addon-button.default\">\n\t\t\t\t<div class=\"elementor-widget-container\">\n\t\t\t\n\n\t\t<a class=\"premium-button premium-button-none premium-btn-block premium-button-none\" href=\"https:\/\/agustinfong.com\/es\/liberation\/\">\n\t\t\t<div class=\"premium-button-text-icon-wrapper\">\n\t\t\t\t\n                    <!-- Before Icon -->\n\t\t\t\t\t\t\t\t\t\n\t\t\t\t<span >\n\t\t\t\t\tM\u00e1s Informaci\u00f3n Sobre Liberaci\u00f3n\t\t\t\t<\/span>\n\n                <!-- After Icon -->\n\t\t\t\t\t\t\t\t\t\t\t\t\t\t\t\t\t\t\t\t\t\t<i class=\"premium-svg-nodraw premium-drawable-icon fas fa-external-link-alt\" aria-hidden=\"true\"><\/i>\t\t\t\t\t\t\t\t\t\t\t\t\t\t\t\t\t\t<\/div>\n\n\t\t\t\n\t\t\t\n            \n\t\t<\/a>\n\n\n\t\t\t\t<\/div>\n\t\t\t\t<\/div>\n\t\t\t\t\t<\/div>\n\t\t<\/div>\n\t\t\t\t\t<\/div>\n\t\t<\/section>\n\t\t\t\t<\/div>\n\t\t\t\t\t\t\t\t\t<\/div>\r\n\t\t\t\t\t\t\t\t\t\t\t<\/div>\r\n\t\t\t\t\t\t\t<\/div>\r\n\t\t<\/div>\r\n\r\n\t\t\t\t<\/div>\n\t\t\t\t<\/div>\n\t\t\t\t\t<\/div>\n\t\t<\/div>\n\t\t\t\t\t<\/div>\n\t\t<\/section>\n\t\t\t\t<\/div>","protected":false},"excerpt":{"rendered":"<p>Struggling To Get Into Loving Relationships? Meet Identity Coaching Not Your Normal Coaching or Therapy but a Unique Redefinition of Yourself, Feel Confident and In Love With Your Life So You Can Effortlessly Attract The love and Relationships You Desire. Discover How In The Options Below | Subconscious | Shadow-work | Child-work | Somatics | &hellip;<\/p>\n<p class=\"read-more\"> <a class=\"\" href=\"https:\/\/agustinfong.com\/es\/\"> <span class=\"screen-reader-text\">Inicio<\/span> Leer m\u00e1s &raquo;<\/a><\/p>","protected":false},"author":1,"featured_media":0,"parent":0,"menu_order":0,"comment_status":"closed","ping_status":"closed","template":"","meta":{"om_disable_all_campaigns":false,"_monsterinsights_skip_tracking":false,"_monsterinsights_sitenote_active":false,"_monsterinsights_sitenote_note":"","_monsterinsights_sitenote_category":0,"site-sidebar-layout":"no-sidebar","site-content-layout":"page-builder","ast-global-header-display":"disabled","ast-banner-title-visibility":"","ast-main-header-display":"","ast-hfb-above-header-display":"","ast-hfb-below-header-display":"","ast-hfb-mobile-header-display":"","site-post-title":"disabled","ast-breadcrumbs-content":"","ast-featured-img":"disabled","footer-sml-layout":"disabled","theme-transparent-header-meta":"","adv-header-id-meta":"","stick-header-meta":"","header-above-stick-meta":"","header-main-stick-meta":"","header-below-stick-meta":""},"aioseo_notices":[],"_links":{"self":[{"href":"https:\/\/agustinfong.com\/es\/wp-json\/wp\/v2\/pages\/42"}],"collection":[{"href":"https:\/\/agustinfong.com\/es\/wp-json\/wp\/v2\/pages"}],"about":[{"href":"https:\/\/agustinfong.com\/es\/wp-json\/wp\/v2\/types\/page"}],"author":[{"embeddable":true,"href":"https:\/\/agustinfong.com\/es\/wp-json\/wp\/v2\/users\/1"}],"replies":[{"embeddable":true,"href":"https:\/\/agustinfong.com\/es\/wp-json\/wp\/v2\/comments?post=42"}],"version-history":[{"count":218,"href":"https:\/\/agustinfong.com\/es\/wp-json\/wp\/v2\/pages\/42\/revisions"}],"predecessor-version":[{"id":4381,"href":"https:\/\/agustinfong.com\/es\/wp-json\/wp\/v2\/pages\/42\/revisions\/4381"}],"wp:attachment":[{"href":"https:\/\/agustinfong.com\/es\/wp-json\/wp\/v2\/media?parent=42"}],"curies":[{"name":"wp","href":"https:\/\/api.w.org\/{rel}","templated":true}]}}