{"id":89,"date":"2022-12-09T02:12:34","date_gmt":"2022-12-09T02:12:34","guid":{"rendered":"https:\/\/agustinfong.com\/?page_id=89"},"modified":"2023-11-29T22:01:25","modified_gmt":"2023-11-29T22:01:25","slug":"about-me","status":"publish","type":"page","link":"https:\/\/agustinfong.com\/es\/about-me\/","title":{"rendered":"Acerca de mi"},"content":{"rendered":"<div data-elementor-type=\"wp-page\" data-elementor-id=\"89\" class=\"elementor elementor-89\">\n\t\t\t\t\t\t<section class=\"elementor-section elementor-top-section elementor-element elementor-element-9d52588 elementor-section-boxed elementor-section-height-default elementor-section-height-default\" data-id=\"9d52588\" data-element_type=\"section\" data-settings=\"{&quot;background_background&quot;:&quot;classic&quot;}\">\n\t\t\t\t\t\t\t<div class=\"elementor-background-overlay\"><\/div>\n\t\t\t\t\t\t\t<div class=\"elementor-container elementor-column-gap-default\">\n\t\t\t\t\t<div class=\"elementor-column elementor-col-50 elementor-top-column elementor-element elementor-element-4fd7122\" data-id=\"4fd7122\" data-element_type=\"column\" data-settings=\"{&quot;background_background&quot;:&quot;classic&quot;}\">\n\t\t\t<div class=\"elementor-widget-wrap elementor-element-populated\">\n\t\t\t\t\t\t<div class=\"elementor-element elementor-element-e83570d elementor-invisible elementor-widget elementor-widget-image\" data-id=\"e83570d\" data-element_type=\"widget\" data-settings=\"{&quot;motion_fx_motion_fx_scrolling&quot;:&quot;yes&quot;,&quot;motion_fx_translateY_effect&quot;:&quot;yes&quot;,&quot;motion_fx_devices&quot;:[&quot;desktop&quot;],&quot;_animation&quot;:&quot;fadeInUp&quot;,&quot;motion_fx_translateY_speed&quot;:{&quot;unit&quot;:&quot;px&quot;,&quot;size&quot;:4,&quot;sizes&quot;:[]},&quot;motion_fx_translateY_affectedRange&quot;:{&quot;unit&quot;:&quot;%&quot;,&quot;size&quot;:&quot;&quot;,&quot;sizes&quot;:{&quot;start&quot;:0,&quot;end&quot;:100}}}\" data-widget_type=\"image.default\">\n\t\t\t\t<div class=\"elementor-widget-container\">\n\t\t\t<style>\/*! elementor - v3.19.0 - 07-02-2024 *\/\n.elementor-widget-image{text-align:center}.elementor-widget-image a{display:inline-block}.elementor-widget-image a img[src$=\".svg\"]{width:48px}.elementor-widget-image img{vertical-align:middle;display:inline-block}<\/style>\t\t\t\t\t\t\t\t\t\t<img fetchpriority=\"high\" decoding=\"async\" width=\"683\" height=\"1024\" src=\"https:\/\/agustinfong.com\/wp-content\/uploads\/2023\/11\/6F4A8212-683x1024.webp\" class=\"attachment-large size-large wp-image-2082 not-transparent\" alt=\"\" srcset=\"https:\/\/agustinfong.com\/wp-content\/uploads\/2023\/11\/6F4A8212-683x1024.webp 683w, https:\/\/agustinfong.com\/wp-content\/uploads\/2023\/11\/6F4A8212-200x300.webp 200w, https:\/\/agustinfong.com\/wp-content\/uploads\/2023\/11\/6F4A8212-768x1152.webp 768w, https:\/\/agustinfong.com\/wp-content\/uploads\/2023\/11\/6F4A8212-1024x1536.webp 1024w, https:\/\/agustinfong.com\/wp-content\/uploads\/2023\/11\/6F4A8212-1365x2048.webp 1365w, https:\/\/agustinfong.com\/wp-content\/uploads\/2023\/11\/6F4A8212-8x12.webp 8w, https:\/\/agustinfong.com\/wp-content\/uploads\/2023\/11\/6F4A8212-1320x1980.webp 1320w, https:\/\/agustinfong.com\/wp-content\/uploads\/2023\/11\/6F4A8212-600x900.webp 600w, https:\/\/agustinfong.com\/wp-content\/uploads\/2023\/11\/6F4A8212-scaled.webp 1707w\" sizes=\"(max-width: 683px) 100vw, 683px\" data-has-transparency=\"false\" data-dominant-color=\"605b40\" style=\"--dominant-color: #605b40\" \/>\t\t\t\t\t\t\t\t\t\t\t\t\t<\/div>\n\t\t\t\t<\/div>\n\t\t\t\t\t<\/div>\n\t\t<\/div>\n\t\t\t\t<div class=\"elementor-column elementor-col-50 elementor-top-column elementor-element elementor-element-ac8ae75\" data-id=\"ac8ae75\" data-element_type=\"column\">\n\t\t\t<div class=\"elementor-widget-wrap elementor-element-populated\">\n\t\t\t\t\t\t<div class=\"elementor-element elementor-element-663250a elementor-invisible elementor-widget elementor-widget-heading\" data-id=\"663250a\" data-element_type=\"widget\" data-settings=\"{&quot;_animation&quot;:&quot;fadeInUp&quot;}\" data-widget_type=\"heading.default\">\n\t\t\t\t<div class=\"elementor-widget-container\">\n\t\t\t<style>\/*! elementor - v3.19.0 - 07-02-2024 *\/\n.elementor-heading-title{padding:0;margin:0;line-height:1}.elementor-widget-heading .elementor-heading-title[class*=elementor-size-]>a{color:inherit;font-size:inherit;line-height:inherit}.elementor-widget-heading .elementor-heading-title.elementor-size-small{font-size:15px}.elementor-widget-heading .elementor-heading-title.elementor-size-medium{font-size:19px}.elementor-widget-heading .elementor-heading-title.elementor-size-large{font-size:29px}.elementor-widget-heading .elementor-heading-title.elementor-size-xl{font-size:39px}.elementor-widget-heading .elementor-heading-title.elementor-size-xxl{font-size:59px}<\/style><h2 class=\"elementor-heading-title elementor-size-default\">Hola! Soy Agustin<\/h2>\t\t<\/div>\n\t\t\t\t<\/div>\n\t\t\t\t<div class=\"elementor-element elementor-element-8e36d1f elementor-widget elementor-widget-text-editor\" data-id=\"8e36d1f\" data-element_type=\"widget\" data-widget_type=\"text-editor.default\">\n\t\t\t\t<div class=\"elementor-widget-container\">\n\t\t\t<style>\/*! elementor - v3.19.0 - 07-02-2024 *\/\n.elementor-widget-text-editor.elementor-drop-cap-view-stacked .elementor-drop-cap{background-color:#69727d;color:#fff}.elementor-widget-text-editor.elementor-drop-cap-view-framed .elementor-drop-cap{color:#69727d;border:3px solid;background-color:transparent}.elementor-widget-text-editor:not(.elementor-drop-cap-view-default) .elementor-drop-cap{margin-top:8px}.elementor-widget-text-editor:not(.elementor-drop-cap-view-default) .elementor-drop-cap-letter{width:1em;height:1em}.elementor-widget-text-editor .elementor-drop-cap{float:left;text-align:center;line-height:1;font-size:50px}.elementor-widget-text-editor .elementor-drop-cap-letter{display:inline-block}<\/style>\t\t\t\t<p>Mi motivaci\u00f3n es que puedas finalmente poner fin al sufrimiento y vivir la vida que de verdad quieres.<\/p><p>Mi historia gira en torno a subir la escalera corporativa hasta que ya no pude tolerar la insatisfacci\u00f3n, la depresi\u00f3n y la ansiedad que me acosaban constantemente. Pas\u00e9 muchos a\u00f1os tratando de resolver mis problemas para finalmente sentirme bien. Busqu\u00e9 la ayuda de un Coach de Vida, le\u00ed innumerables libros de autoayuda, tom\u00e9 cursos, podcasts, escrib\u00ed diarios, us\u00e9 afirmaciones, segu\u00ed los consejos de las redes sociales e incluso me puse en forma. Nada funcionaba! Solo terminaba en la misma situaci\u00f3n o peor.<\/p><p>No fue hasta que resolv\u00ed un gran bloqueo subconsciente en mi identidad que pude ver la verdad y hacer cambios reales. Era como si hubiera estado tratando de marcar goles en un campo de f\u00fatbol toda mi vida, pero ni siquiera era consciente de que estaba en un estadio, \u00a1y mucho menos de que hab\u00eda todo un mundo fuera de \u00e9l!<\/p><p>Desde entonces, la calidad de mis relaciones (conmigo mismo y con los dem\u00e1s) se ha transformado por completo, la ansiedad y la insatisfacci\u00f3n ya no son problemas para m\u00ed, y lo que hago est\u00e1 moldeado por el amor en lugar del miedo.<\/p><p>Habiendo visto el impacto de trabajar con la identidad, he dedicado mi carrera a ayudar a otros a encontrar la misma libertad que yo encontr\u00e9.<\/p>\t\t\t\t\t\t<\/div>\n\t\t\t\t<\/div>\n\t\t\t\t\t<\/div>\n\t\t<\/div>\n\t\t\t\t\t<\/div>\n\t\t<\/section>\n\t\t\t\t<section class=\"elementor-section elementor-top-section elementor-element elementor-element-48e6d62 elementor-section-boxed elementor-section-height-default elementor-section-height-default\" data-id=\"48e6d62\" data-element_type=\"section\" data-settings=\"{&quot;background_background&quot;:&quot;classic&quot;}\">\n\t\t\t\t\t\t\t<div class=\"elementor-background-overlay\"><\/div>\n\t\t\t\t\t\t\t<div class=\"elementor-container elementor-column-gap-default\">\n\t\t\t\t\t<div class=\"elementor-column elementor-col-50 elementor-top-column elementor-element elementor-element-43b6a58\" data-id=\"43b6a58\" data-element_type=\"column\">\n\t\t\t<div class=\"elementor-widget-wrap elementor-element-populated\">\n\t\t\t\t\t\t<div class=\"elementor-element elementor-element-8a248c8 elementor-widget elementor-widget-heading\" data-id=\"8a248c8\" data-element_type=\"widget\" data-widget_type=\"heading.default\">\n\t\t\t\t<div class=\"elementor-widget-container\">\n\t\t\t<h2 class=\"elementor-heading-title elementor-size-default\">Mi Trabajo<\/h2>\t\t<\/div>\n\t\t\t\t<\/div>\n\t\t\t\t<div class=\"elementor-element elementor-element-d26d09b elementor-invisible elementor-widget elementor-widget-text-editor\" data-id=\"d26d09b\" data-element_type=\"widget\" data-settings=\"{&quot;_animation&quot;:&quot;fadeInRight&quot;}\" data-widget_type=\"text-editor.default\">\n\t\t\t\t<div class=\"elementor-widget-container\">\n\t\t\t\t\t\t\t<p><span style=\"font-size: 16px; -webkit-text-size-adjust: 100%;\">El n\u00facleo de mi trabajo est\u00e1 inspirado en el no dualismo y el principio de que somos m\u00e1s que nuestros cuerpos f\u00edsicos. Sin embargo, a trav\u00e9s de la autoidentificaci\u00f3n con la mente y el cuerpo, hemos creado una idea inexacta de qui\u00e9nes somos. Esto, a su vez, crea una vida que no queremos. <\/span><\/p><p><span style=\"font-size: 16px; -webkit-text-size-adjust: 100%;\">Ayudo a las personas a ver que sus circunstancias son el resultado de esas ideas subconscientes que tienen sobre s\u00ed mismas, que se formaron durante la infancia.\u00a0<\/span><span style=\"font-size: 16px; -webkit-text-size-adjust: 100%;\">Al descubrir y reformular la percepci\u00f3n de la identidad humana, pueden acceder al verdadero poder de la transformaci\u00f3n.<\/span><\/p><p><span style=\"font-size: 16px; -webkit-text-size-adjust: 100%;\">En la pr\u00e1ctica conmigo, vas a experimentar una mezcla de distintas t\u00e9cnicas y herramientas, como:<\/span><\/p><ul><li><span style=\"font-size: 16px; -webkit-text-size-adjust: 100%;\">Som\u00e1tico (Cuerpo)<\/span><\/li><li>Breathwork (Respiraci\u00f3n)<\/li><li>Meditaci\u00f3n<\/li><li>Trabajo de Sombra<\/li><li>Ni\u00f1o interior<\/li><li>Regresiones<\/li><li>&#8230;<\/li><\/ul>\t\t\t\t\t\t<\/div>\n\t\t\t\t<\/div>\n\t\t\t\t\t<\/div>\n\t\t<\/div>\n\t\t\t\t<div class=\"elementor-column elementor-col-50 elementor-top-column elementor-element elementor-element-5f5cb6a\" data-id=\"5f5cb6a\" data-element_type=\"column\">\n\t\t\t<div class=\"elementor-widget-wrap elementor-element-populated\">\n\t\t\t\t\t\t<div class=\"elementor-element elementor-element-33692f2 elementor-invisible elementor-widget elementor-widget-image\" data-id=\"33692f2\" data-element_type=\"widget\" data-settings=\"{&quot;motion_fx_motion_fx_scrolling&quot;:&quot;yes&quot;,&quot;motion_fx_translateY_effect&quot;:&quot;yes&quot;,&quot;motion_fx_devices&quot;:[&quot;desktop&quot;],&quot;_animation&quot;:&quot;fadeInUp&quot;,&quot;motion_fx_translateY_speed&quot;:{&quot;unit&quot;:&quot;px&quot;,&quot;size&quot;:4,&quot;sizes&quot;:[]},&quot;motion_fx_translateY_affectedRange&quot;:{&quot;unit&quot;:&quot;%&quot;,&quot;size&quot;:&quot;&quot;,&quot;sizes&quot;:{&quot;start&quot;:0,&quot;end&quot;:100}}}\" data-widget_type=\"image.default\">\n\t\t\t\t<div class=\"elementor-widget-container\">\n\t\t\t\t\t\t\t\t\t\t\t\t\t<img decoding=\"async\" width=\"683\" height=\"1024\" src=\"https:\/\/agustinfong.com\/wp-content\/uploads\/2023\/11\/6F4A8039-683x1024.webp\" class=\"attachment-large size-large wp-image-2054 not-transparent\" alt=\"\" srcset=\"https:\/\/agustinfong.com\/wp-content\/uploads\/2023\/11\/6F4A8039-683x1024.webp 683w, https:\/\/agustinfong.com\/wp-content\/uploads\/2023\/11\/6F4A8039-200x300.webp 200w, https:\/\/agustinfong.com\/wp-content\/uploads\/2023\/11\/6F4A8039-768x1152.webp 768w, https:\/\/agustinfong.com\/wp-content\/uploads\/2023\/11\/6F4A8039-1024x1536.webp 1024w, https:\/\/agustinfong.com\/wp-content\/uploads\/2023\/11\/6F4A8039-1365x2048.webp 1365w, https:\/\/agustinfong.com\/wp-content\/uploads\/2023\/11\/6F4A8039-8x12.webp 8w, https:\/\/agustinfong.com\/wp-content\/uploads\/2023\/11\/6F4A8039-1320x1980.webp 1320w, https:\/\/agustinfong.com\/wp-content\/uploads\/2023\/11\/6F4A8039-600x900.webp 600w, https:\/\/agustinfong.com\/wp-content\/uploads\/2023\/11\/6F4A8039-scaled.webp 1707w\" sizes=\"(max-width: 683px) 100vw, 683px\" data-has-transparency=\"false\" data-dominant-color=\"757062\" style=\"--dominant-color: #757062\" \/>\t\t\t\t\t\t\t\t\t\t\t\t\t<\/div>\n\t\t\t\t<\/div>\n\t\t\t\t\t<\/div>\n\t\t<\/div>\n\t\t\t\t\t<\/div>\n\t\t<\/section>\n\t\t\t\t<section class=\"elementor-section elementor-top-section elementor-element elementor-element-bf06a14 elementor-section-boxed elementor-section-height-default elementor-section-height-default\" data-id=\"bf06a14\" data-element_type=\"section\" data-settings=\"{&quot;background_background&quot;:&quot;classic&quot;}\">\n\t\t\t\t\t\t<div class=\"elementor-container elementor-column-gap-default\">\n\t\t\t\t\t<div class=\"elementor-column elementor-col-100 elementor-top-column elementor-element elementor-element-d0c86e7\" data-id=\"d0c86e7\" data-element_type=\"column\">\n\t\t\t<div class=\"elementor-widget-wrap elementor-element-populated\">\n\t\t\t\t\t\t<div class=\"elementor-element elementor-element-d6f4a3b elementor-widget elementor-widget-image\" data-id=\"d6f4a3b\" data-element_type=\"widget\" data-widget_type=\"image.default\">\n\t\t\t\t<div class=\"elementor-widget-container\">\n\t\t\t\t\t\t\t\t\t\t\t\t\t<img decoding=\"async\" width=\"428\" height=\"118\" src=\"https:\/\/agustinfong.com\/wp-content\/uploads\/2022\/12\/descarga.png\" class=\"attachment-large size-large wp-image-301\" alt=\"\" srcset=\"https:\/\/agustinfong.com\/wp-content\/uploads\/2022\/12\/descarga.png 428w, https:\/\/agustinfong.com\/wp-content\/uploads\/2022\/12\/descarga-300x83.png 300w\" sizes=\"(max-width: 428px) 100vw, 428px\" \/>\t\t\t\t\t\t\t\t\t\t\t\t\t<\/div>\n\t\t\t\t<\/div>\n\t\t\t\t<div class=\"elementor-element elementor-element-0f55f49 elementor-widget elementor-widget-text-editor\" data-id=\"0f55f49\" data-element_type=\"widget\" data-widget_type=\"text-editor.default\">\n\t\t\t\t<div class=\"elementor-widget-container\">\n\t\t\t\t\t\t\t<p>La calidad es muy importante para m\u00ed, por eso soy Coach certificado por la Federaci\u00f3n Internacional de Coaching (ICF), la organizaci\u00f3n de coaching m\u00e1s importante del mundo, lo que asegura que todas mis pr\u00e1cticas sigan ciertos est\u00e1ndares dise\u00f1ados para beneficiar a mis clientes.<\/p>\t\t\t\t\t\t<\/div>\n\t\t\t\t<\/div>\n\t\t\t\t\t<\/div>\n\t\t<\/div>\n\t\t\t\t\t<\/div>\n\t\t<\/section>\n\t\t\t\t<section class=\"elementor-section elementor-top-section elementor-element elementor-element-6d119f0 elementor-section-boxed elementor-section-height-default elementor-section-height-default\" data-id=\"6d119f0\" data-element_type=\"section\">\n\t\t\t\t\t\t<div class=\"elementor-container elementor-column-gap-default\">\n\t\t\t\t\t<div class=\"elementor-column elementor-col-100 elementor-top-column elementor-element elementor-element-b51d3ba\" data-id=\"b51d3ba\" data-element_type=\"column\">\n\t\t\t<div class=\"elementor-widget-wrap elementor-element-populated\">\n\t\t\t\t\t\t<div class=\"elementor-element elementor-element-1216944 elementor-invisible elementor-widget elementor-widget-heading\" data-id=\"1216944\" data-element_type=\"widget\" data-settings=\"{&quot;_animation&quot;:&quot;fadeInUp&quot;}\" data-widget_type=\"heading.default\">\n\t\t\t\t<div class=\"elementor-widget-container\">\n\t\t\t<h2 class=\"elementor-heading-title elementor-size-default\">Deseas empezar?<\/h2>\t\t<\/div>\n\t\t\t\t<\/div>\n\t\t\t\t<div class=\"elementor-element elementor-element-959eacb elementor-widget elementor-widget-heading\" data-id=\"959eacb\" data-element_type=\"widget\" data-widget_type=\"heading.default\">\n\t\t\t\t<div class=\"elementor-widget-container\">\n\t\t\t<h2 class=\"elementor-heading-title elementor-size-default\"><span data-elementor-setting-key=\"title\" data-pen-placeholder=\"Teclea aqu\u00ed...\" style=\"border: 0px; font-size: 18px; outline-color: currentcolor; outline-style: none; vertical-align: baseline; clear: both; line-height: 1.25em; font-family: Raleway, sans-serif; -webkit-text-stroke-color: rgb(0, 0, 0); stroke: rgb(0, 0, 0); text-align: center;\"><span style=\"color: var( --e-global-color-text ); background-color: var( --e-global-color-dc52f5e );\">Empieza hoy GRATIS con esta Meditaci\u00f3n Som\u00e1tica y experimenta el sentir, encarnar y sanar el amor propio con todo tu cuerpo.<\/span><\/span><\/h2>\t\t<\/div>\n\t\t\t\t<\/div>\n\t\t\t\t<div class=\"elementor-element elementor-element-e427cc1 elementor-align-center elementor-widget elementor-widget-button\" data-id=\"e427cc1\" data-element_type=\"widget\" data-widget_type=\"button.default\">\n\t\t\t\t<div class=\"elementor-widget-container\">\n\t\t\t\t\t<div class=\"elementor-button-wrapper\">\n\t\t\t<a class=\"elementor-button elementor-button-link elementor-size-sm\" href=\"https:\/\/agustinfong.com\/es\/somatic-meditation\/\">\n\t\t\t\t\t\t<span class=\"elementor-button-content-wrapper\">\n\t\t\t\t\t\t<span class=\"elementor-button-icon elementor-align-icon-left\">\n\t\t\t\t<i aria-hidden=\"true\" class=\"fas fa-video\"><\/i>\t\t\t<\/span>\n\t\t\t\t\t\t<span class=\"elementor-button-text\">EMPIEZA YA<\/span>\n\t\t<\/span>\n\t\t\t\t\t<\/a>\n\t\t<\/div>\n\t\t\t\t<\/div>\n\t\t\t\t<\/div>\n\t\t\t\t\t<\/div>\n\t\t<\/div>\n\t\t\t\t\t<\/div>\n\t\t<\/section>\n\t\t\t\t<\/div>","protected":false},"excerpt":{"rendered":"<p>Hi! I\u2019m Agustin My drive is for you to finally put an end to your suffering and start thriving in the life you truly desire. My story revolves around climbing the corporate ladder until I could no longer tolerate the dissatisfaction, depression, and anxiety that constantly plagued me. I spent many years trying to solve &hellip;<\/p>\n<p class=\"read-more\"> <a class=\"\" href=\"https:\/\/agustinfong.com\/es\/about-me\/\"> <span class=\"screen-reader-text\">Acerca de mi<\/span> Leer m\u00e1s &raquo;<\/a><\/p>","protected":false},"author":1,"featured_media":0,"parent":0,"menu_order":0,"comment_status":"closed","ping_status":"closed","template":"elementor_header_footer","meta":{"om_disable_all_campaigns":false,"_monsterinsights_skip_tracking":false,"_monsterinsights_sitenote_active":false,"_monsterinsights_sitenote_note":"","_monsterinsights_sitenote_category":0,"site-sidebar-layout":"no-sidebar","site-content-layout":"page-builder","ast-global-header-display":"","ast-banner-title-visibility":"","ast-main-header-display":"","ast-hfb-above-header-display":"","ast-hfb-below-header-display":"","ast-hfb-mobile-header-display":"","site-post-title":"disabled","ast-breadcrumbs-content":"","ast-featured-img":"disabled","footer-sml-layout":"","theme-transparent-header-meta":"","adv-header-id-meta":"","stick-header-meta":"","header-above-stick-meta":"","header-main-stick-meta":"","header-below-stick-meta":""},"aioseo_notices":[],"_links":{"self":[{"href":"https:\/\/agustinfong.com\/es\/wp-json\/wp\/v2\/pages\/89"}],"collection":[{"href":"https:\/\/agustinfong.com\/es\/wp-json\/wp\/v2\/pages"}],"about":[{"href":"https:\/\/agustinfong.com\/es\/wp-json\/wp\/v2\/types\/page"}],"author":[{"embeddable":true,"href":"https:\/\/agustinfong.com\/es\/wp-json\/wp\/v2\/users\/1"}],"replies":[{"embeddable":true,"href":"https:\/\/agustinfong.com\/es\/wp-json\/wp\/v2\/comments?post=89"}],"version-history":[{"count":158,"href":"https:\/\/agustinfong.com\/es\/wp-json\/wp\/v2\/pages\/89\/revisions"}],"predecessor-version":[{"id":2324,"href":"https:\/\/agustinfong.com\/es\/wp-json\/wp\/v2\/pages\/89\/revisions\/2324"}],"wp:attachment":[{"href":"https:\/\/agustinfong.com\/es\/wp-json\/wp\/v2\/media?parent=89"}],"curies":[{"name":"wp","href":"https:\/\/api.w.org\/{rel}","templated":true}]}}